{"id":3236,"date":"2019-11-05T13:42:30","date_gmt":"2019-11-05T12:42:30","guid":{"rendered":"https:\/\/eszvoktopus.nl\/?page_id=3236"},"modified":"2025-03-02T23:59:44","modified_gmt":"2025-03-02T22:59:44","slug":"dames-1-2019-2020","status":"publish","type":"page","link":"https:\/\/eszvoktopus.nl\/?page_id=3236","title":{"rendered":"Ladies 1 (2024-2025)"},"content":{"rendered":"<p><\/p>\n<figure><a href=\"https:\/\/i0.wp.com\/eszvoktopus.nl\/wp-content\/uploads\/2025\/03\/IMG-20250131-WA0002.jpg?ssl=1\"><img data-recalc-dims=\"1\" loading=\"lazy\" decoding=\"async\" src=\"https:\/\/i0.wp.com\/eszvoktopus.nl\/wp-content\/uploads\/2025\/03\/IMG-20250131-WA0002.jpg?resize=1024%2C1024&#038;ssl=1\" alt=\"\" width=\"1024\" height=\"1024\"><\/a><\/figure>\n<p><\/p>\n<p><strong>From left to right: <br><\/strong>Dani\u00eblle Koops<br>Ceren Kazaz<strong><br><\/strong>Alexandra van Dijk<br>Leonor Sousa<br>Chris Ciocaru<br>Nadine Claassen<br>Nicole Houtkoop<br>Neomi van Kuijk<br>Rosa Geveling<\/p>\n<p><\/p>","protected":false},"excerpt":{"rendered":"<p>From left to right: Dani\u00eblle KoopsCeren KazazAlexandra van DijkLeonor SousaChris CiocaruNadine ClaassenNicole HoutkoopNeomi van KuijkRosa Geveling<\/p>\n","protected":false},"author":1,"featured_media":0,"parent":0,"menu_order":0,"comment_status":"closed","ping_status":"closed","template":"","meta":{"jetpack_post_was_ever_published":false,"footnotes":""},"class_list":["post-3236","page","type-page","status-publish","hentry"],"jetpack_sharing_enabled":true,"jetpack_shortlink":"https:\/\/wp.me\/P9X8Br-Qc","jetpack-related-posts":[{"id":2571,"url":"https:\/\/eszvoktopus.nl\/?page_id=2571","url_meta":{"origin":3236,"position":0},"title":"Privacy Policy","author":"ESZV Oktopus","date":"7 July 2018","format":false,"excerpt":"Privacyverklaring der E.S.Z.V. Oktopus d.d. 14\/04\/2022 \u00a0 Wij respecteren uw privacy en verwerken uw persoonsgegevens alleen voor het doel waarvoor u ze heeft verstrekt. In deze privacyverklaring trachten we hier meer duidelijkheid over te scheppen welke persoonsgegevens we verzamelen, met welk doel en welke diensten er voor de verwerking gebruikt\u2026","rel":"","context":"Similar post","block_context":{"text":"Similar post","link":""},"img":{"alt_text":"","src":"","width":0,"height":0},"classes":[]},{"id":3241,"url":"https:\/\/eszvoktopus.nl\/?page_id=3241","url_meta":{"origin":3236,"position":1},"title":"Heren 2 (2022-2023)","author":"ESZV Oktopus","date":"5 November 2019","format":false,"excerpt":"From left to right: Andrei Marcu Ralph Houben Jochem van Pamelen Stan Kastelijn Roel van Dijck Ramon de Vries Kevin Mathey Jaro Fransen Benjamin Vot\u00e9 Robert Kwant \u00a0","rel":"","context":"Similar post","block_context":{"text":"Similar post","link":""},"img":{"alt_text":"","src":"https:\/\/i0.wp.com\/eszvoktopus.nl\/wp-content\/uploads\/2023\/01\/DSC_4032-300x200.jpg?resize=350%2C200&ssl=1","width":350,"height":200,"srcset":"https:\/\/i0.wp.com\/eszvoktopus.nl\/wp-content\/uploads\/2023\/01\/DSC_4032-300x200.jpg?resize=350%2C200&ssl=1 1x, https:\/\/i0.wp.com\/eszvoktopus.nl\/wp-content\/uploads\/2023\/01\/DSC_4032-300x200.jpg?resize=525%2C300&ssl=1 1.5x"},"classes":[]},{"id":83,"url":"https:\/\/eszvoktopus.nl\/?page_id=83","url_meta":{"origin":3236,"position":2},"title":"Club song","author":"ESZV Oktopus","date":"7 October 2015","format":false,"excerpt":"Association Club song Aan de oever van de Dommel tussen Son en Valkenswaard daar is Oktopus geboren daar is Oktopus ontaard. Eerst was het zo'n net braaf clubje dat op grote toekomst hoopt nu is het een grote bende die slechts op alcohol nog loopt. Maar verdomme, sprak een speler\u2026","rel":"","context":"Similar post","block_context":{"text":"Similar post","link":""},"img":{"alt_text":"","src":"","width":0,"height":0},"classes":[]},{"id":3588,"url":"https:\/\/eszvoktopus.nl\/?page_id=3588","url_meta":{"origin":3236,"position":3},"title":"Restricted content","author":"ESZV Oktopus","date":"7 March 2021","format":false,"excerpt":"Statuten-van-de-E.S.Z.V.-OktopusDownload Statutes-of-the-E.S.Z.V.-OktopusDownload Huishoudelijk-Reglement-E.S.Z.V.-OktopusDownload Internal-Rules-E.S.Z.V.-OktopusDownload Contributie-policy-NederlandsDownload Contribution-policy-EnglishDownload The statutes and internal are currently undergoing an update. The contribution policy has been created and updated in the season of 2022\/23","rel":"","context":"Similar post","block_context":{"text":"Similar post","link":""},"img":{"alt_text":"","src":"","width":0,"height":0},"classes":[]},{"id":3225,"url":"https:\/\/eszvoktopus.nl\/?page_id=3225","url_meta":{"origin":3236,"position":4},"title":"Gents 1 &#038; 2 (2024-2025)","author":"ESZV Oktopus","date":"5 November 2019","format":false,"excerpt":"\u00a0 Upper row, from left to right:Mihai ChiraChiel BoonsKinlok LauRutger SteijnRoel van DijckVasco AlmeidaEfehan TopcuDuarte PalanchaGian Forero Ziegler Lower row, from left to right:Tom de LeeuwRitvars B\u0113rzi\u0146\u0161Robert KwantKevin MatheySven BierenbroodspotVictor BaasMartijn MeijJord Dijkema Not on this picture: Christian JipaCedric Odille \u00a0 \u00a0 \u00a0","rel":"","context":"Similar post","block_context":{"text":"Similar post","link":""},"img":{"alt_text":"","src":"https:\/\/i0.wp.com\/eszvoktopus.nl\/wp-content\/uploads\/2024\/12\/20241123195301.jpg?resize=350%2C200&ssl=1","width":350,"height":200,"srcset":"https:\/\/i0.wp.com\/eszvoktopus.nl\/wp-content\/uploads\/2024\/12\/20241123195301.jpg?resize=350%2C200&ssl=1 1x, https:\/\/i0.wp.com\/eszvoktopus.nl\/wp-content\/uploads\/2024\/12\/20241123195301.jpg?resize=525%2C300&ssl=1 1.5x, https:\/\/i0.wp.com\/eszvoktopus.nl\/wp-content\/uploads\/2024\/12\/20241123195301.jpg?resize=700%2C400&ssl=1 2x, https:\/\/i0.wp.com\/eszvoktopus.nl\/wp-content\/uploads\/2024\/12\/20241123195301.jpg?resize=1050%2C600&ssl=1 3x, https:\/\/i0.wp.com\/eszvoktopus.nl\/wp-content\/uploads\/2024\/12\/20241123195301.jpg?resize=1400%2C800&ssl=1 4x"},"classes":[]},{"id":5634,"url":"https:\/\/eszvoktopus.nl\/?page_id=5634","url_meta":{"origin":3236,"position":5},"title":"Restricted content","author":"ESZV Oktopus","date":"19 September 2023","format":false,"excerpt":"In Oktopus, we find social safety important. Therefore we have allocated two confidential contact persons, that are there to accompany you should you need help concerning your or someone else's social safety.With them, you can talk about whatever is bothering you, whether it is someone in or outside the association\u2026","rel":"","context":"Similar post","block_context":{"text":"Similar post","link":""},"img":{"alt_text":"","src":"https:\/\/i0.wp.com\/eszvoktopus.nl\/wp-content\/uploads\/2023\/09\/DSC_0001-scaled-e1695135422819-758x1024.jpg?resize=350%2C200&ssl=1","width":350,"height":200,"srcset":"https:\/\/i0.wp.com\/eszvoktopus.nl\/wp-content\/uploads\/2023\/09\/DSC_0001-scaled-e1695135422819-758x1024.jpg?resize=350%2C200&ssl=1 1x, https:\/\/i0.wp.com\/eszvoktopus.nl\/wp-content\/uploads\/2023\/09\/DSC_0001-scaled-e1695135422819-758x1024.jpg?resize=525%2C300&ssl=1 1.5x, https:\/\/i0.wp.com\/eszvoktopus.nl\/wp-content\/uploads\/2023\/09\/DSC_0001-scaled-e1695135422819-758x1024.jpg?resize=700%2C400&ssl=1 2x"},"classes":[]}],"_links":{"self":[{"href":"https:\/\/eszvoktopus.nl\/index.php?rest_route=\/wp\/v2\/pages\/3236","targetHints":{"allow":["GET"]}}],"collection":[{"href":"https:\/\/eszvoktopus.nl\/index.php?rest_route=\/wp\/v2\/pages"}],"about":[{"href":"https:\/\/eszvoktopus.nl\/index.php?rest_route=\/wp\/v2\/types\/page"}],"author":[{"embeddable":true,"href":"https:\/\/eszvoktopus.nl\/index.php?rest_route=\/wp\/v2\/users\/1"}],"replies":[{"embeddable":true,"href":"https:\/\/eszvoktopus.nl\/index.php?rest_route=%2Fwp%2Fv2%2Fcomments&post=3236"}],"version-history":[{"count":14,"href":"https:\/\/eszvoktopus.nl\/index.php?rest_route=\/wp\/v2\/pages\/3236\/revisions"}],"predecessor-version":[{"id":6242,"href":"https:\/\/eszvoktopus.nl\/index.php?rest_route=\/wp\/v2\/pages\/3236\/revisions\/6242"}],"wp:attachment":[{"href":"https:\/\/eszvoktopus.nl\/index.php?rest_route=%2Fwp%2Fv2%2Fmedia&parent=3236"}],"curies":[{"name":"wp","href":"https:\/\/api.w.org\/{rel}","templated":true}]}}