{"id":3225,"date":"2019-11-05T13:34:08","date_gmt":"2019-11-05T12:34:08","guid":{"rendered":"https:\/\/eszvoktopus.nl\/?page_id=3225"},"modified":"2024-12-15T03:38:42","modified_gmt":"2024-12-15T02:38:42","slug":"heren-1-2019-2020","status":"publish","type":"page","link":"https:\/\/eszvoktopus.nl\/?page_id=3225","title":{"rendered":"Gents 1 &#038; 2 (2024-2025)"},"content":{"rendered":"\n<figure class=\"wp-block-image size-large\"><a href=\"https:\/\/i0.wp.com\/eszvoktopus.nl\/wp-content\/uploads\/2024\/12\/20241123195301.jpg?ssl=1\"><img data-recalc-dims=\"1\" loading=\"lazy\" decoding=\"async\" width=\"1024\" height=\"1024\" data-attachment-id=\"6113\" data-permalink=\"https:\/\/eszvoktopus.nl\/?attachment_id=6113\" data-orig-file=\"https:\/\/i0.wp.com\/eszvoktopus.nl\/wp-content\/uploads\/2024\/12\/20241123195301.jpg?fit=2448%2C2447&amp;ssl=1\" data-orig-size=\"2448,2447\" data-comments-opened=\"1\" data-image-meta=\"{&quot;aperture&quot;:&quot;5.6&quot;,&quot;credit&quot;:&quot;&quot;,&quot;camera&quot;:&quot;DMC-FZ300&quot;,&quot;caption&quot;:&quot;&quot;,&quot;created_timestamp&quot;:&quot;1732390906&quot;,&quot;copyright&quot;:&quot;&quot;,&quot;focal_length&quot;:&quot;4.5&quot;,&quot;iso&quot;:&quot;3200&quot;,&quot;shutter_speed&quot;:&quot;0.04&quot;,&quot;title&quot;:&quot;&quot;,&quot;orientation&quot;:&quot;0&quot;}\" data-image-title=\"20241123195301\" data-image-description=\"\" data-image-caption=\"\" data-medium-file=\"https:\/\/i0.wp.com\/eszvoktopus.nl\/wp-content\/uploads\/2024\/12\/20241123195301.jpg?fit=300%2C300&amp;ssl=1\" data-large-file=\"https:\/\/i0.wp.com\/eszvoktopus.nl\/wp-content\/uploads\/2024\/12\/20241123195301.jpg?fit=1024%2C1024&amp;ssl=1\" src=\"https:\/\/i0.wp.com\/eszvoktopus.nl\/wp-content\/uploads\/2024\/12\/20241123195301.jpg?resize=1024%2C1024&#038;ssl=1\" alt=\"\" class=\"wp-image-6113\" srcset=\"https:\/\/i0.wp.com\/eszvoktopus.nl\/wp-content\/uploads\/2024\/12\/20241123195301.jpg?resize=1024%2C1024&amp;ssl=1 1024w, https:\/\/i0.wp.com\/eszvoktopus.nl\/wp-content\/uploads\/2024\/12\/20241123195301.jpg?resize=300%2C300&amp;ssl=1 300w, https:\/\/i0.wp.com\/eszvoktopus.nl\/wp-content\/uploads\/2024\/12\/20241123195301.jpg?resize=150%2C150&amp;ssl=1 150w, https:\/\/i0.wp.com\/eszvoktopus.nl\/wp-content\/uploads\/2024\/12\/20241123195301.jpg?resize=768%2C768&amp;ssl=1 768w, https:\/\/i0.wp.com\/eszvoktopus.nl\/wp-content\/uploads\/2024\/12\/20241123195301.jpg?resize=1536%2C1536&amp;ssl=1 1536w, https:\/\/i0.wp.com\/eszvoktopus.nl\/wp-content\/uploads\/2024\/12\/20241123195301.jpg?resize=2048%2C2048&amp;ssl=1 2048w, https:\/\/i0.wp.com\/eszvoktopus.nl\/wp-content\/uploads\/2024\/12\/20241123195301.jpg?resize=600%2C600&amp;ssl=1 600w, https:\/\/i0.wp.com\/eszvoktopus.nl\/wp-content\/uploads\/2024\/12\/20241123195301.jpg?resize=100%2C100&amp;ssl=1 100w\" sizes=\"auto, (max-width: 1000px) 100vw, 1000px\" \/><\/a><\/figure>\n\n\n<p>&nbsp;<\/p>\n<p><strong>Upper row, from left to right:<br><\/strong>Mihai Chira<br>Chiel Boons<br>Kinlok Lau<br>Rutger Steijn<br>Roel van Dijck<br>Vasco Almeida<br>Efehan Topcu<br>Duarte Palancha<br>Gian Forero Ziegler<\/p>\n<p><strong>Lower row, from left to right:<\/strong><br>Tom de Leeuw<br>Ritvars B\u0113rzi\u0146\u0161<br>Robert Kwant<br>Kevin Mathey<br>Sven Bierenbroodspot<br>Victor Baas<br>Martijn Meij<br>Jord Dijkema<\/p>\n<p><strong>Not on this picture:<\/strong><\/p>\n<p>Christian Jipa<br>Cedric Odille<\/p>\n<p>&nbsp;<\/p>\n<p>&nbsp;<\/p>\n<p>&nbsp;<\/p>","protected":false},"excerpt":{"rendered":"<p>&nbsp; Upper row, from left to right:Mihai ChiraChiel BoonsKinlok LauRutger SteijnRoel van DijckVasco AlmeidaEfehan TopcuDuarte PalanchaGian Forero Ziegler Lower row, from left to right:Tom de LeeuwRitvars B\u0113rzi\u0146\u0161Robert KwantKevin MatheySven BierenbroodspotVictor BaasMartijn MeijJord Dijkema Not on this picture: Christian JipaCedric Odille &nbsp; &nbsp; &nbsp;<\/p>\n","protected":false},"author":1,"featured_media":0,"parent":0,"menu_order":0,"comment_status":"closed","ping_status":"closed","template":"","meta":{"jetpack_post_was_ever_published":false,"footnotes":""},"class_list":["post-3225","page","type-page","status-publish","hentry"],"jetpack_sharing_enabled":true,"jetpack_shortlink":"https:\/\/wp.me\/P9X8Br-Q1","jetpack-related-posts":[{"id":1115,"url":"https:\/\/eszvoktopus.nl\/?page_id=1115","url_meta":{"origin":3225,"position":0},"title":"Competition","author":"ESZV Oktopus","date":"7 September 2016","format":false,"excerpt":"E.S.Z.V. Oktopus participates in the Dutch handball competition organized by NHV, the Dutch Handball Federation. In the 2024-2025 season, three teams will play competitively: Ladies 1, Gents 1 and Gents 2. Home matches are played at Saturday evenings in the Student Sports Center, while away matches are either on Saturday\u2026","rel":"","context":"Similar post","block_context":{"text":"Similar post","link":""},"img":{"alt_text":"","src":"","width":0,"height":0},"classes":[]},{"id":79,"url":"https:\/\/eszvoktopus.nl\/?page_id=79","url_meta":{"origin":3225,"position":1},"title":"Training info","author":"ESZV Oktopus","date":"7 October 2015","format":false,"excerpt":"Interested in playing handball at ESZV Oktopus? Feel free to send an e-mail to bestuur@eszvoktopus.com and come join a training! Make sure to contact the board in advance if you want to join a practice -- this is in order to prevent you from showing up at the wrong time\u2026","rel":"","context":"Similar post","block_context":{"text":"Similar post","link":""},"img":{"alt_text":"","src":"","width":0,"height":0},"classes":[]},{"id":3236,"url":"https:\/\/eszvoktopus.nl\/?page_id=3236","url_meta":{"origin":3225,"position":2},"title":"Ladies 1 (2024-2025)","author":"ESZV Oktopus","date":"5 November 2019","format":false,"excerpt":"From left to right: Dani\u00eblle KoopsCeren KazazAlexandra van DijkLeonor SousaChris CiocaruNadine ClaassenNicole HoutkoopNeomi van KuijkRosa Geveling","rel":"","context":"Similar post","block_context":{"text":"Similar post","link":""},"img":{"alt_text":"","src":"https:\/\/i0.wp.com\/eszvoktopus.nl\/wp-content\/uploads\/2023\/11\/DSC_9247-scaled.jpg?resize=350%2C200&ssl=1","width":350,"height":200,"srcset":"https:\/\/i0.wp.com\/eszvoktopus.nl\/wp-content\/uploads\/2023\/11\/DSC_9247-scaled.jpg?resize=350%2C200&ssl=1 1x, https:\/\/i0.wp.com\/eszvoktopus.nl\/wp-content\/uploads\/2023\/11\/DSC_9247-scaled.jpg?resize=525%2C300&ssl=1 1.5x, https:\/\/i0.wp.com\/eszvoktopus.nl\/wp-content\/uploads\/2023\/11\/DSC_9247-scaled.jpg?resize=700%2C400&ssl=1 2x, https:\/\/i0.wp.com\/eszvoktopus.nl\/wp-content\/uploads\/2023\/11\/DSC_9247-scaled.jpg?resize=1050%2C600&ssl=1 3x, https:\/\/i0.wp.com\/eszvoktopus.nl\/wp-content\/uploads\/2023\/11\/DSC_9247-scaled.jpg?resize=1400%2C800&ssl=1 4x"},"classes":[]},{"id":22,"url":"https:\/\/eszvoktopus.nl\/?page_id=22","url_meta":{"origin":3225,"position":3},"title":"Association","author":"ESZV Oktopus","date":"7 October 2015","format":false,"excerpt":"About Oktopus ESZV Oktopus is THE handball association in Eindhoven. A small but very cozy association where a lot of activities take place: trainings, competition, activities, parties and tournaments, and of course our own yearly international tournament! First time playing handball, or already have some experience? Just interested in training,\u2026","rel":"","context":"Similar post","block_context":{"text":"Similar post","link":""},"img":{"alt_text":"","src":"","width":0,"height":0},"classes":[]},{"id":2,"url":"https:\/\/eszvoktopus.nl\/?page_id=2","url_meta":{"origin":3225,"position":4},"title":"About Oktopus","author":"ESZV Oktopus","date":"7 October 2015","format":false,"excerpt":"Welcome to ESZV Oktopus! ESZV Oktopus is the student handball association in Eindhoven. The association was founded in 1967. With about 70 members, it's a small but very cozy association where a lot of activities take place: training, competition, activities, parties and tournaments, and of course our own yearly international\u2026","rel":"","context":"Similar post","block_context":{"text":"Similar post","link":""},"img":{"alt_text":"","src":"","width":0,"height":0},"classes":[]},{"id":3169,"url":"https:\/\/eszvoktopus.nl\/?page_id=3169","url_meta":{"origin":3225,"position":5},"title":"Restricted content","author":"ESZV Oktopus","date":"2 September 2019","format":false,"excerpt":"Dear Okkies, As was requested during the ALV, the shiny site committee has been working on a digital Oktopus calendar which you can follow and where the board lists all the Oktopus related events. For example the games, tournaments, general member meetings and Oktopushouse parties will be listed. The goal\u2026","rel":"","context":"Similar post","block_context":{"text":"Similar post","link":""},"img":{"alt_text":"","src":"https:\/\/i0.wp.com\/eszvoktopus.nl\/wp-content\/uploads\/2023\/03\/stap-1-300x164.png?resize=350%2C200&ssl=1","width":350,"height":200,"srcset":"https:\/\/i0.wp.com\/eszvoktopus.nl\/wp-content\/uploads\/2023\/03\/stap-1-300x164.png?resize=350%2C200&ssl=1 1x, https:\/\/i0.wp.com\/eszvoktopus.nl\/wp-content\/uploads\/2023\/03\/stap-1-300x164.png?resize=525%2C300&ssl=1 1.5x, https:\/\/i0.wp.com\/eszvoktopus.nl\/wp-content\/uploads\/2023\/03\/stap-1-300x164.png?resize=700%2C400&ssl=1 2x"},"classes":[]}],"_links":{"self":[{"href":"https:\/\/eszvoktopus.nl\/index.php?rest_route=\/wp\/v2\/pages\/3225","targetHints":{"allow":["GET"]}}],"collection":[{"href":"https:\/\/eszvoktopus.nl\/index.php?rest_route=\/wp\/v2\/pages"}],"about":[{"href":"https:\/\/eszvoktopus.nl\/index.php?rest_route=\/wp\/v2\/types\/page"}],"author":[{"embeddable":true,"href":"https:\/\/eszvoktopus.nl\/index.php?rest_route=\/wp\/v2\/users\/1"}],"replies":[{"embeddable":true,"href":"https:\/\/eszvoktopus.nl\/index.php?rest_route=%2Fwp%2Fv2%2Fcomments&post=3225"}],"version-history":[{"count":19,"href":"https:\/\/eszvoktopus.nl\/index.php?rest_route=\/wp\/v2\/pages\/3225\/revisions"}],"predecessor-version":[{"id":6115,"href":"https:\/\/eszvoktopus.nl\/index.php?rest_route=\/wp\/v2\/pages\/3225\/revisions\/6115"}],"wp:attachment":[{"href":"https:\/\/eszvoktopus.nl\/index.php?rest_route=%2Fwp%2Fv2%2Fmedia&parent=3225"}],"curies":[{"name":"wp","href":"https:\/\/api.w.org\/{rel}","templated":true}]}}